{"id":12,"date":"2026-02-18T19:42:44","date_gmt":"2026-02-18T22:42:44","guid":{"rendered":"https:\/\/cinelabs.com.br\/?page_id=12"},"modified":"2026-03-30T23:18:32","modified_gmt":"2026-03-31T02:18:32","slug":"contact-2","status":"publish","type":"page","link":"https:\/\/cinelabs.com.br\/?page_id=12","title":{"rendered":"Contato"},"content":{"rendered":"\n<div style=\"height:156px\" aria-hidden=\"true\" class=\"wp-block-spacer\"><\/div>\n\n\n\n<div class=\"wp-block-group has-global-padding is-layout-constrained wp-block-group-is-layout-constrained\">\n<div class=\"wp-block-columns are-vertically-aligned-top is-layout-flex wp-container-core-columns-is-layout-d7d455e7 wp-block-columns-is-layout-flex\" style=\"padding-top:0;padding-right:0;padding-bottom:0;padding-left:0\">\n<div class=\"wp-block-column is-vertically-aligned-top is-layout-flow wp-block-column-is-layout-flow\" style=\"padding-right:7%;flex-basis:50%\">\n<p class=\"has-text-color\" style=\"color:#0bb4aa\">CINE LABS<\/p>\n\n\n\n<h2 class=\"wp-block-heading has-large-font-size\">Vamos criar juntos?<\/h2>\n\n\n\n<p>Traga suas ideias, e juntos eternizamos hist\u00f3rias.<br><\/p>\n<\/div>\n\n\n\n<div class=\"wp-block-column is-vertically-aligned-top is-layout-flow wp-block-column-is-layout-flow\" style=\"flex-basis:50%\"><\/div>\n<\/div>\n\n\n\n<div style=\"height:135px\" aria-hidden=\"true\" class=\"wp-block-spacer\"><\/div>\n<\/div>\n\n\n\n<div class=\"wp-block-group alignfull has-global-padding is-layout-constrained wp-container-core-group-is-layout-19e250f3 wp-block-group-is-layout-constrained\">\n<div class=\"wp-block-columns alignfull are-vertically-aligned-center has-light-background-background-color has-background is-layout-flex wp-container-core-columns-is-layout-dd282781 wp-block-columns-is-layout-flex\" style=\"padding-top:0;padding-right:0;padding-bottom:0;padding-left:0\">\n<div class=\"wp-block-column is-vertically-aligned-center map-grayscale is-layout-flow wp-block-column-is-layout-flow\" style=\"flex-basis:50%\">\n<figure class=\"wp-block-image size-full\"><img loading=\"lazy\" decoding=\"async\" width=\"700\" height=\"327\" src=\"https:\/\/cinelabs.com.br\/wp-content\/uploads\/2026\/03\/zona-sul-sao-paulo-mapa-700x327-1.jpg\" alt=\"\" class=\"wp-image-7050\" style=\"object-fit:cover\" srcset=\"https:\/\/cinelabs.com.br\/wp-content\/uploads\/2026\/03\/zona-sul-sao-paulo-mapa-700x327-1.jpg 700w, https:\/\/cinelabs.com.br\/wp-content\/uploads\/2026\/03\/zona-sul-sao-paulo-mapa-700x327-1-300x140.jpg 300w\" sizes=\"auto, (max-width: 700px) 100vw, 700px\" \/><\/figure>\n<\/div>\n\n\n\n<div class=\"wp-block-column is-vertically-aligned-center is-layout-flow wp-block-column-is-layout-flow\" style=\"padding-top:var(--wp--preset--spacing--small);padding-right:var(--wp--preset--spacing--small);padding-bottom:var(--wp--preset--spacing--small);padding-left:2%;flex-basis:50%\">\n<h3 class=\"wp-block-heading has-large-font-size\">Cine Labs<\/h3>\n\n\n\n<p><\/p>\n\n\n\n<h3 class=\"wp-block-heading\"><strong>Endere\u00e7o<\/strong><\/h3>\n\n\n\n<p>S\u00e3o Paulo, SP &#8211; Brasil<\/p>\n\n\n\n<h3 class=\"wp-block-heading\"><strong>Email<\/strong><\/h3>\n\n\n\n<p>contato@cinelabs.com.br<\/p>\n\n\n\n<h3 class=\"wp-block-heading\"><strong>Phone<\/strong><\/h3>\n\n\n\n<p>+55 11 96913-3382<\/p>\n<\/div>\n<\/div>\n<\/div>\n\n\n\n<div class=\"wp-block-group is-layout-flow wp-block-group-is-layout-flow\">\n<div class=\"wp-block-group is-layout-flow wp-block-group-is-layout-flow\"><\/div>\n<\/div>\n\n\n\n<div class=\"wp-block-group has-global-padding is-layout-constrained wp-block-group-is-layout-constrained\">\n<div style=\"height:33px\" aria-hidden=\"true\" class=\"wp-block-spacer\"><\/div>\n\n\n\n<div class=\"wp-block-columns are-vertically-aligned-center is-layout-flex wp-container-core-columns-is-layout-4ed999c3 wp-block-columns-is-layout-flex\" style=\"padding-top:var(--wp--preset--spacing--60);padding-bottom:var(--wp--preset--spacing--60);padding-left:0\">\n<div class=\"wp-block-column is-vertically-aligned-center has-global-padding is-content-justification-left is-layout-constrained wp-container-core-column-is-layout-12dd3699 wp-block-column-is-layout-constrained\" style=\"flex-basis:66.66%\">\n<h2 class=\"wp-block-heading\">Vamos criar juntos?<\/h2>\n\n\n\n<p>Traga seu projeto e vamos realizar juntos.<\/p>\n<\/div>\n\n\n\n<div class=\"wp-block-column is-vertically-aligned-center is-layout-flow wp-block-column-is-layout-flow\" style=\"flex-basis:33.33%\">\n<div class=\"wp-block-buttons is-content-justification-right is-layout-flex wp-container-core-buttons-is-layout-d445cf74 wp-block-buttons-is-layout-flex\">\n<div class=\"wp-block-button is-style-fill\"><a class=\"wp-block-button__link has-custom-font-size wp-element-button\" style=\"border-radius:0px;font-size:14px;font-style:normal;font-weight:600;letter-spacing:1px;text-transform:uppercase\">FALAR AGORA<\/a><\/div>\n<\/div>\n<\/div>\n<\/div>\n\n\n\n<div style=\"height:45px\" aria-hidden=\"true\" class=\"wp-block-spacer\"><\/div>\n<\/div>\n\n\n\n<p><\/p>\n","protected":false},"excerpt":{"rendered":"<p>CINE LABS Vamos criar juntos? Traga suas ideias, e juntos eternizamos hist\u00f3rias. Cine Labs Endere\u00e7o S\u00e3o Paulo, SP &#8211; Brasil Email contato@cinelabs.com.br Phone +55 11 96913-3382 Vamos criar juntos? Traga seu projeto e vamos realizar juntos.<\/p>\n","protected":false},"author":1,"featured_media":9,"parent":0,"menu_order":0,"comment_status":"closed","ping_status":"closed","template":"","meta":{"_eb_attr":"","inspiro_hide_title":false,"footnotes":""},"class_list":["post-12","page","type-page","status-publish","has-post-thumbnail","hentry"],"featured_media_urls":{"thumbnail":["https:\/\/cinelabs.com.br\/wp-content\/uploads\/2026\/02\/StockSnap_6O7JXC5DC5-150x150.jpg",150,150,true],"medium":["https:\/\/cinelabs.com.br\/wp-content\/uploads\/2026\/02\/StockSnap_6O7JXC5DC5-300x200.jpg",300,200,true],"medium_large":["https:\/\/cinelabs.com.br\/wp-content\/uploads\/2026\/02\/StockSnap_6O7JXC5DC5.jpg",768,512,false],"large":["https:\/\/cinelabs.com.br\/wp-content\/uploads\/2026\/02\/StockSnap_6O7JXC5DC5-1024x683.jpg",950,634,true],"1536x1536":["https:\/\/cinelabs.com.br\/wp-content\/uploads\/2026\/02\/StockSnap_6O7JXC5DC5-1536x1025.jpg",1536,1025,true],"2048x2048":["https:\/\/cinelabs.com.br\/wp-content\/uploads\/2026\/02\/StockSnap_6O7JXC5DC5-2048x1367.jpg",2048,1367,true],"inspiro-featured-image":["https:\/\/cinelabs.com.br\/wp-content\/uploads\/2026\/02\/StockSnap_6O7JXC5DC5-2000x1335.jpg",2000,1335,true],"inspiro-loop":["https:\/\/cinelabs.com.br\/wp-content\/uploads\/2026\/02\/StockSnap_6O7JXC5DC5-950x320.jpg",950,320,true],"inspiro-loop@2x":["https:\/\/cinelabs.com.br\/wp-content\/uploads\/2026\/02\/StockSnap_6O7JXC5DC5-1900x640.jpg",1900,640,true],"portfolio_item-thumbnail":["https:\/\/cinelabs.com.br\/wp-content\/uploads\/2026\/02\/StockSnap_6O7JXC5DC5-600x400.jpg",600,400,true],"portfolio_item-thumbnail@2x":["https:\/\/cinelabs.com.br\/wp-content\/uploads\/2026\/02\/StockSnap_6O7JXC5DC5-1200x800.jpg",1200,800,true],"portfolio_item-masonry":["https:\/\/cinelabs.com.br\/wp-content\/uploads\/2026\/02\/StockSnap_6O7JXC5DC5-600x400.jpg",600,400,true],"portfolio_item-masonry@2x":["https:\/\/cinelabs.com.br\/wp-content\/uploads\/2026\/02\/StockSnap_6O7JXC5DC5-1200x801.jpg",1200,801,true],"portfolio_item-thumbnail_cinema":["https:\/\/cinelabs.com.br\/wp-content\/uploads\/2026\/02\/StockSnap_6O7JXC5DC5-800x335.jpg",800,335,true],"portfolio_item-thumbnail_portrait":["https:\/\/cinelabs.com.br\/wp-content\/uploads\/2026\/02\/StockSnap_6O7JXC5DC5-600x900.jpg",600,900,true],"portfolio_item-thumbnail_portrait@2x":["https:\/\/cinelabs.com.br\/wp-content\/uploads\/2026\/02\/StockSnap_6O7JXC5DC5-1200x1468.jpg",1200,1468,true],"portfolio_item-thumbnail_square":["https:\/\/cinelabs.com.br\/wp-content\/uploads\/2026\/02\/StockSnap_6O7JXC5DC5-800x800.jpg",800,800,true]},"_links":{"self":[{"href":"https:\/\/cinelabs.com.br\/index.php?rest_route=\/wp\/v2\/pages\/12","targetHints":{"allow":["GET"]}}],"collection":[{"href":"https:\/\/cinelabs.com.br\/index.php?rest_route=\/wp\/v2\/pages"}],"about":[{"href":"https:\/\/cinelabs.com.br\/index.php?rest_route=\/wp\/v2\/types\/page"}],"author":[{"embeddable":true,"href":"https:\/\/cinelabs.com.br\/index.php?rest_route=\/wp\/v2\/users\/1"}],"replies":[{"embeddable":true,"href":"https:\/\/cinelabs.com.br\/index.php?rest_route=%2Fwp%2Fv2%2Fcomments&post=12"}],"version-history":[{"count":4,"href":"https:\/\/cinelabs.com.br\/index.php?rest_route=\/wp\/v2\/pages\/12\/revisions"}],"predecessor-version":[{"id":7059,"href":"https:\/\/cinelabs.com.br\/index.php?rest_route=\/wp\/v2\/pages\/12\/revisions\/7059"}],"wp:featuredmedia":[{"embeddable":true,"href":"https:\/\/cinelabs.com.br\/index.php?rest_route=\/wp\/v2\/media\/9"}],"wp:attachment":[{"href":"https:\/\/cinelabs.com.br\/index.php?rest_route=%2Fwp%2Fv2%2Fmedia&parent=12"}],"curies":[{"name":"wp","href":"https:\/\/api.w.org\/{rel}","templated":true}]}}